{"id":5,"date":"2011-03-04T16:33:32","date_gmt":"2011-03-04T16:33:32","guid":{"rendered":"http:\/\/wp.wunderkinder.de\/?page_id=2"},"modified":"2023-06-06T07:49:02","modified_gmt":"2023-06-06T05:49:02","slug":"forum","status":"publish","type":"page","link":"https:\/\/wunderkinder.de\/?page_id=5","title":{"rendered":"FORUM &#038; Interaktiv"},"content":{"rendered":"<p><strong><a href=\"http:\/\/www.wunderkinder.de\/forum\/\"><img loading=\"lazy\" decoding=\"async\" class=\"alignleft wp-image-702\" title=\"https:\/\/wunderkinder.de\/?page_id=5\" src=\"https:\/\/wunderkinder.de\/wp-content\/uploads\/2011\/03\/forum_logo2-300x159.png\" alt=\"Forum-Eingang\" width=\"79\" height=\"42\" srcset=\"https:\/\/wunderkinder.de\/wp-content\/uploads\/2011\/03\/forum_logo2-300x159.png 300w, https:\/\/wunderkinder.de\/wp-content\/uploads\/2011\/03\/forum_logo2.png 750w\" sizes=\"auto, (max-width: 79px) 100vw, 79px\" \/><\/a>Wunderkinder Forum \u00a0 \u00a0 \u00a0 \u00a0 \u00a0 \u00a0 \u00a0 \u00a0 \u00a0 \u00a0 \u00a0 \u00a0 \u00a0 \u00a0 \u00a0 \u00a0 \u00a0 \u00a0 \u00a0 \u00a0 \u00a0 \u00a0 \u00a0 \u00a0 \u00a0 \u00a0 \u00a0 \u00a0 \u00a0 \u00a0 \u00a0 \u00a0 \u00a0 \u00a0 \u00a0 \u00a0 \u00a0 \u00a0 \u00a0\u00a0\u00a0 <\/strong>Seit jeher ist es bei den Wunderkindern \u00fcblich zu Diskutieren und Informationen auszutauschen.\u00a0<strong><a href=\"http:\/\/www.wunderkinder.de\/forum\" target=\"_blank\" rel=\"noopener\">Hier geht es lang<\/a><\/strong><\/p>\n<h6><span style=\"color: #ff0000;\">In unserem Forum ist jeder herzlich eingeladen mit zu diskutieren. Wir m\u00f6chten nur darum bitten, auf eine sachliche und freundliche Gespr\u00e4chskultur zu achten. Bei Beleidigungen oder aggressivem Verhalten gegen HEINZ RUDOLF KUNZE, seinem Management, andere User oder Dritte weisen wir vorsorglich daraufhin, dass wir uns <strong>Verwarnungen und\/oder befristete oder auch dauerhafte Sperren<\/strong> vorbehalten.\u00a0 \u00a0 \u00a0 \u00a0 \u00a0 \u00a0 \u00a0 \u00a0 \u00a0 \u00a0 <\/span><em style=\"color: #222222; font-size: 1rem;\">Die Datenschutzerkl\u00e4rung f\u00fcr die Nutzung des Forums findet Ihr unter \"Impressum und Datenschutzerkl\u00e4rung\" auf dieser Seite.<\/em><\/h6>\n<p><strong>Wunderkinder auf Facebook<a href=\"https:\/\/www.facebook.com\/hrk.wuki\"><img loading=\"lazy\" decoding=\"async\" class=\"alignleft wp-image-688\" src=\"https:\/\/wunderkinder.de\/wp-content\/uploads\/2011\/03\/facebook-flat-vector-logo-400x400-150x150.png\" alt=\"facebook-flat-vector-logo-400x400\" width=\"42\" height=\"42\" srcset=\"https:\/\/wunderkinder.de\/wp-content\/uploads\/2011\/03\/facebook-flat-vector-logo-400x400-150x150.png 150w, https:\/\/wunderkinder.de\/wp-content\/uploads\/2011\/03\/facebook-flat-vector-logo-400x400-300x300.png 300w, https:\/\/wunderkinder.de\/wp-content\/uploads\/2011\/03\/facebook-flat-vector-logo-400x400.png 400w\" sizes=\"auto, (max-width: 42px) 100vw, 42px\" \/><\/a><\/strong><br \/>\nJawoll, da sind wir auch zu finden.\u00a0 <a href=\"http:\/\/www.facebook.com\/hrk.wuki\" target=\"_blank\" rel=\"noopener\">Hier geht es lang <\/a><\/p>\n<p><strong><a class=\"x1i10hfl xjbqb8w x6umtig x1b1mbwd xaqea5y xav7gou x9f619 x1ypdohk xt0psk2 xe8uvvx xdj266r x11i5rnm xat24cr x1mh8g0r xexx8yu x4uap5 x18d9i69 xkhd6sd x16tdsg8 x1hl2dhg xggy1nq x1a2a7pz x1heor9g xt0b8zv x1xlr1w8\" tabindex=\"0\" role=\"link\" href=\"https:\/\/www.facebook.com\/groups\/1717543601603973\/\" target=\"_blank\" rel=\"noopener\">\u201eWunderkinder\" - Gruppe\"<\/a><\/strong> - wir laden auch zum Austausch \u00fcber HRK auf diese \"private\" Seite der <em><strong>Facebook\/Wunderkinder<\/strong><\/em> ein. Sie dient zum Austausch von Informationen\/Kontakten untereinander. <em><span style=\"color: #ff0000;\">Wir freuen uns \u00fcber eure Anmeldung!<\/span><\/em><\/p>\n<p><img loading=\"lazy\" decoding=\"async\" class=\"wp-image-1374 alignnone\" src=\"https:\/\/wunderkinder.de\/wp-content\/uploads\/2022\/08\/instagram_logo.jpg\" alt=\"\" width=\"44\" height=\"44\" srcset=\"https:\/\/wunderkinder.de\/wp-content\/uploads\/2022\/08\/instagram_logo.jpg 225w, https:\/\/wunderkinder.de\/wp-content\/uploads\/2022\/08\/instagram_logo-150x150.jpg 150w\" sizes=\"auto, (max-width: 44px) 100vw, 44px\" \/>\u00a0 \u00a0 \u00a0und auf <strong>Instagram<\/strong>\u00a0auch. \u00a0<a href=\"https:\/\/www.instagram.com\/fanclub_kunze_wunderkinder\/\" target=\"_blank\" rel=\"noopener\">Hier geht es lang<\/a><\/p>\n<p><strong><a href=\"http:\/\/www.radioweb.de\/stationen.html\"><img loading=\"lazy\" decoding=\"async\" class=\"alignleft wp-image-720\" src=\"https:\/\/wunderkinder.de\/wp-content\/uploads\/2011\/03\/radio.jpg\" alt=\"radio\" width=\"68\" height=\"68\" srcset=\"https:\/\/wunderkinder.de\/wp-content\/uploads\/2011\/03\/radio.jpg 300w, https:\/\/wunderkinder.de\/wp-content\/uploads\/2011\/03\/radio-150x150.jpg 150w\" sizes=\"auto, (max-width: 68px) 100vw, 68px\" \/><\/a>Radioliste - <\/strong><strong>HEINZ RUDOLF KUNZE<\/strong>..........im Radio:\u00a0 \u00a0 \u00a0 \u00a0 \u00a0\u00a0\u00a0\u00a0\u00a0\u00a0\u00a0\u00a0\u00a0\u00a0\u00a0\u00a0\u00a0\u00a0 W\u00fcnsche Dir Deinen Lieblingstitel oder die neue Single und sorge so daf\u00fcr, da\u00df HEINZ im Radio gespielt wird. Einfach (<em>2 Klicks<\/em>) dein Bundesland und Sender aussuchen, anrufen, mailen oder bei den entsprechenden Wunschsendungen, Hitparaden HEINZ w\u00e4hlen. \u00a0 \u00a0 \u00a0 \u00a0 \u00a0 \u00a0 \u00a0 \u00a0 \u00a0 \u00a0 \u00a0 \u00a0 \u00a0 \u00a0 \u00a0 \u00a0 \u00a0\u00a0\u00a0 <span style=\"color: #ff0000;\">Die Radioliste findet ihr <a style=\"color: #ff0000;\" href=\"http:\/\/www.web-recorder.de\/radiosender_radiostationen.htm\" target=\"_blank\" rel=\"noopener\"><strong>HIER<\/strong><\/a><\/span><strong><span style=\"color: #ff0000;\">\u00a0<\/span> \u00a0 \u00a0<\/strong> \u00a0 \u00a0 \u00a0 \u00a0 \u00a0 \u00a0 \u00a0 \u00a0 \u00a0 \u00a0 \u00a0 \u00a0 \u00a0 \u00a0 \u00a0 \u00a0 \u00a0 \u00a0 \u00a0 \u00a0 \u00a0 \u00a0 \u00a0 \u00a0 \u00a0 \u00a0\u00a0 \u00a0 \u00a0 \u00a0 \u00a0 \u00a0 \u00a0\u00a0 \u00a0 \u00a0 \u00a0 \u00a0 \u00a0 \u00a0 \u00a0 \u00a0 \u00a0 \u00a0 \u00a0 Wenn ihr einen Sender vermisst: bitte eine mail an<a href=\"mailto:radio@wunderkinder.de\"> radio@wunderkinder.de<\/a><\/p>\n<p><strong>Tourenkalender<\/strong><br \/>\nWas ist das? Alle Konzerte, alle Setlisten, Eintrittskarten, Fotos usw. \u00fcbersichtlich gesammelt zum st\u00f6bern und schm\u00f6kern.<\/p>\n<p>Das Thema wird leider schon l\u00e4nger nicht mehr betreut.\u00a0 <span style=\"color: #ff0000;\">Bei Interesse sich u.a. dort einzubringen bitte eine Mail an:<\/span>\u00a0 <a href=\"mailto:wunderkinder@onlinehome.de\">wunderkinder@onlinehome.de<\/a><\/p>\n<p style=\"text-align: left;\"><strong>Albumvoting<\/strong><br \/>\nDas Albumvoting. Die wunderkinder benoten die Album-Song-Titel mit Schulnoten. Am Ende entsteht ein Gesamteindruck \u00fcber die Alben. Einfach genial, genial einfach!<\/p>\n<p>Das Thema wird leider schon l\u00e4nger nicht mehr betreut.\u00a0 <span style=\"color: #ff0000;\">Bei Interesse sich u.a. dort einzubringen bitte eine Mail an:<\/span>\u00a0 <a href=\"mailto:wunderkinder@onlinehome.de\">wunderkinder@onlinehome.de<\/a><\/p>\n","protected":false},"excerpt":{"rendered":"<p>Wunderkinder Forum \u00a0 \u00a0 \u00a0 \u00a0 \u00a0 \u00a0 \u00a0 \u00a0 \u00a0 \u00a0 \u00a0 \u00a0 \u00a0 \u00a0 \u00a0 \u00a0 \u00a0 \u00a0 \u00a0 \u00a0 \u00a0 \u00a0 \u00a0 \u00a0 \u00a0 \u00a0 \u00a0 \u00a0 \u00a0 \u00a0 \u00a0 \u00a0 \u00a0 \u00a0 \u00a0 \u00a0 \u00a0 \u00a0 \u00a0\u00a0\u00a0 Seit jeher ist es bei den Wunderkindern \u00fcblich zu Diskutieren und Informationen auszutauschen.\u00a0Hier geht <a href=\"https:\/\/wunderkinder.de\/?page_id=5\" class=\"more-link\">...weiterlesen<span class=\"screen-reader-text\"> \"FORUM &#038; Interaktiv\"<\/span><\/a><\/p>\n","protected":false},"author":2,"featured_media":0,"parent":0,"menu_order":0,"comment_status":"open","ping_status":"open","template":"","meta":{"footnotes":""},"class_list":["post-5","page","type-page","status-publish","h-entry","hentry","h-as-page"],"_links":{"self":[{"href":"https:\/\/wunderkinder.de\/index.php?rest_route=\/wp\/v2\/pages\/5","targetHints":{"allow":["GET"]}}],"collection":[{"href":"https:\/\/wunderkinder.de\/index.php?rest_route=\/wp\/v2\/pages"}],"about":[{"href":"https:\/\/wunderkinder.de\/index.php?rest_route=\/wp\/v2\/types\/page"}],"author":[{"embeddable":true,"href":"https:\/\/wunderkinder.de\/index.php?rest_route=\/wp\/v2\/users\/2"}],"replies":[{"embeddable":true,"href":"https:\/\/wunderkinder.de\/index.php?rest_route=%2Fwp%2Fv2%2Fcomments&post=5"}],"version-history":[{"count":33,"href":"https:\/\/wunderkinder.de\/index.php?rest_route=\/wp\/v2\/pages\/5\/revisions"}],"predecessor-version":[{"id":1481,"href":"https:\/\/wunderkinder.de\/index.php?rest_route=\/wp\/v2\/pages\/5\/revisions\/1481"}],"wp:attachment":[{"href":"https:\/\/wunderkinder.de\/index.php?rest_route=%2Fwp%2Fv2%2Fmedia&parent=5"}],"curies":[{"name":"wp","href":"https:\/\/api.w.org\/{rel}","templated":true}]}}